{"id":133,"date":"2022-07-22T10:40:18","date_gmt":"2022-07-22T10:40:18","guid":{"rendered":"https:\/\/psihologcentru.com\/?page_id=133"},"modified":"2022-07-22T10:44:15","modified_gmt":"2022-07-22T10:44:15","slug":"politica-cookies","status":"publish","type":"page","link":"https:\/\/psihologcentru.com\/fr\/politica-cookies\/","title":{"rendered":"POLITIQUE DE COOKIES"},"content":{"rendered":"<div data-elementor-type=\"wp-page\" data-elementor-id=\"133\" class=\"elementor elementor-133\" data-elementor-post-type=\"page\">\n\t\t\t\t\t\t\t\t\t<section class=\"elementor-section elementor-top-section elementor-element elementor-element-8cd0d8b elementor-section-boxed elementor-section-height-default elementor-section-height-default\" data-id=\"8cd0d8b\" data-element_type=\"section\">\n\t\t\t\t\t\t\t<div class=\"elementor-background-overlay\"><\/div>\n\t\t\t\t\t\t\t<div class=\"elementor-container elementor-column-gap-default\">\n\t\t\t\t\t<div class=\"elementor-column elementor-col-100 elementor-top-column elementor-element elementor-element-27525a11 lakit-col-width-auto-no\" data-id=\"27525a11\" data-element_type=\"column\">\n\t\t\t<div class=\"elementor-widget-wrap elementor-element-populated\">\n\t\t\t\t\t\t\t\t<div class=\"elementor-element elementor-element-6fa8f551 elementor-invisible lakit-has-entrance-animation elementor-widget elementor-widget-heading\" data-id=\"6fa8f551\" data-element_type=\"widget\" data-settings=\"{&quot;_animation&quot;:&quot;fadeInUp&quot;}\" data-widget_type=\"heading.default\">\n\t\t\t\t<div class=\"elementor-widget-container\">\n\t\t\t<style>\/*! elementor - v3.16.0 - 13-09-2023 *\/\n.elementor-heading-title{padding:0;margin:0;line-height:1}.elementor-widget-heading .elementor-heading-title[class*=elementor-size-]>a{color:inherit;font-size:inherit;line-height:inherit}.elementor-widget-heading .elementor-heading-title.elementor-size-small{font-size:15px}.elementor-widget-heading .elementor-heading-title.elementor-size-medium{font-size:19px}.elementor-widget-heading .elementor-heading-title.elementor-size-large{font-size:29px}.elementor-widget-heading .elementor-heading-title.elementor-size-xl{font-size:39px}.elementor-widget-heading .elementor-heading-title.elementor-size-xxl{font-size:59px}<\/style><h1 class=\"elementor-heading-title elementor-size-default\">POLITIQUE DE COOKIES<\/h1>\t\t<\/div>\n\t\t\t\t<\/div>\n\t\t\t\t\t<\/div>\n\t\t<\/div>\n\t\t\t\t\t\t\t<\/div>\n\t\t<\/section>\n\t\t\t\t<section class=\"elementor-section elementor-top-section elementor-element elementor-element-13aeb08d elementor-section-boxed elementor-section-height-default elementor-section-height-default\" data-id=\"13aeb08d\" data-element_type=\"section\">\n\t\t\t\t\t\t<div class=\"elementor-container elementor-column-gap-default\">\n\t\t\t\t\t<div class=\"elementor-column elementor-col-100 elementor-top-column elementor-element elementor-element-cdff19a lakit-col-width-auto-no\" data-id=\"cdff19a\" data-element_type=\"column\">\n\t\t\t<div class=\"elementor-widget-wrap elementor-element-populated\">\n\t\t\t\t\t\t\t\t<div class=\"elementor-element elementor-element-5c9152f5 elementor-widget elementor-widget-text-editor\" data-id=\"5c9152f5\" data-element_type=\"widget\" data-widget_type=\"text-editor.default\">\n\t\t\t\t<div class=\"elementor-widget-container\">\n\t\t\t<style>\/*! elementor - v3.16.0 - 13-09-2023 *\/\n.elementor-widget-text-editor.elementor-drop-cap-view-stacked .elementor-drop-cap{background-color:#69727d;color:#fff}.elementor-widget-text-editor.elementor-drop-cap-view-framed .elementor-drop-cap{color:#69727d;border:3px solid;background-color:transparent}.elementor-widget-text-editor:not(.elementor-drop-cap-view-default) .elementor-drop-cap{margin-top:8px}.elementor-widget-text-editor:not(.elementor-drop-cap-view-default) .elementor-drop-cap-letter{width:1em;height:1em}.elementor-widget-text-editor .elementor-drop-cap{float:left;text-align:center;line-height:1;font-size:50px}.elementor-widget-text-editor .elementor-drop-cap-letter{display:inline-block}<\/style>\t\t\t\t<ol><li><strong> Politique d'utilisation des cookies et technologies similaires<\/strong><\/li><\/ol><p>Cette politique fait r\u00e9f\u00e9rence aux cookies et technologies similaires utilis\u00e9s, selon le cas, dans les sites Web et les applications exploit\u00e9s par le Cabinet de Psychoth\u00e9rapie Individuelle Liliana Presada.<\/p><p class=\" translation-block\">Cette politique est compl\u00e9t\u00e9e par la politique du site Web PsihologCenter.ro concernant la protection des donn\u00e9es personnelles en g\u00e9n\u00e9ral que vous pouvez trouver ici et avec les Termes et Conditions du site Web que vous pouvez trouver ici, que nous vous encourageons \u00e0 lire, ceux-ci comprenant les informations compl\u00e9mentaires utiles, toutes les finalit\u00e9s du traitement des donn\u00e9es, vos droits, ainsi que leurs exceptions et limites, etc.<\/p><p class=\" translation-block\">Une bonne protection des donn\u00e9es personnelles est un objectif important pour nous. Notre souhait est d'\u00eatre le plus clair et transparent possible quant \u00e0 notre approche en la mati\u00e8re. Pour toute question, veuillez nous contacter \u00e0 office@psihologcentru.com<\/p><p>\u00a0<\/p><ol start=\"2\"><li><strong> Que sont les cookies ?<\/strong><\/li><\/ol><p>Le cookie est un petit fichier, compos\u00e9 de lettres et de chiffres, qui sera stock\u00e9 sur l'ordinateur, le terminal mobile ou tout autre \u00e9quipement d'un utilisateur \u00e0 partir duquel Internet est acc\u00e9d\u00e9. Le cookie est install\u00e9 par la requ\u00eate \u00e9mise par le terminal de l'utilisateur aupr\u00e8s d'un serveur tiers.<\/p><ol start=\"3\"><li><strong> A quoi servent les Cookies ?<\/strong><\/li><\/ol><p>Ces fichiers permettent principalement de reconna\u00eetre le terminal de l'utilisateur et de pr\u00e9senter le contenu de mani\u00e8re pertinente, adapt\u00e9e aux pr\u00e9f\u00e9rences de l'utilisateur. Les cookies offrent aux utilisateurs une exp\u00e9rience de navigation agr\u00e9able et soutiennent nos efforts pour offrir des services adapt\u00e9s aux utilisateurs, par exemple les pr\u00e9f\u00e9rences de confidentialit\u00e9 en ligne, le panier d'achat ou la publicit\u00e9 pertinente. Ils sont \u00e9galement utilis\u00e9s dans la pr\u00e9paration de statistiques anonymes agr\u00e9g\u00e9es qui nous aident \u00e0 comprendre comment un utilisateur profite de nos pages Internet, nous permettant d'am\u00e9liorer leur structure et leur contenu, sans permettre l'identification personnelle de l'utilisateur.<\/p><ol start=\"4\"><li><strong> Quels cookies utilisons-nous ?<\/strong><\/li><\/ol><p>Nous utilisons deux types de cookies : par session et fixes. Les cookies de session sont des fichiers temporaires qui restent dans le terminal de l'utilisateur jusqu'\u00e0 la fin de la session ou la fermeture de l'application. Les cookies fixes restent sur le terminal de l'utilisateur pendant une p\u00e9riode d\u00e9termin\u00e9e par les param\u00e8tres des cookies ou jusqu'\u00e0 ce qu'ils soient supprim\u00e9s manuellement par l'utilisateur.<\/p><ol start=\"5\"><li><strong> Comment les cookies sont-ils utilis\u00e9s par ce site ?<\/strong><\/li><\/ol><p>Une visite sur ce site Web peut placer les types de cookies suivants :<\/p><p>- les cookies strictement n\u00e9cessaires au fonctionnement du site<\/p><p>\u2013 cookies d\u2019analyse<\/p><p>\u2013 cookies publicitaires<\/p><p>Les cookies et\/ou technologies similaires strictement n\u00e9cessaires sont indispensables au bon fonctionnement du site, \u00e9tant install\u00e9s sur votre appareil lors de l'acc\u00e8s au site ou suite aux actions effectu\u00e9es sur le site, selon le cas. Vous pouvez configurer votre navigateur pour bloquer les cookies, mais dans ce cas, certaines sections du site Web ne fonctionneront pas correctement.<\/p><p>Les autres cat\u00e9gories de cookies ont le r\u00f4le indiqu\u00e9 \u00e0 la section 12.<\/p><ol start=\"6\"><li><strong> Les cookies contiennent-ils des donn\u00e9es personnelles ?<\/strong><\/li><\/ol><p>Les cookies ou technologies similaires eux-m\u00eames ne n\u00e9cessitent pas d'informations personnelles pour \u00eatre utilis\u00e9s et, dans de nombreux cas, n'identifient pas personnellement les internautes. Cependant, il existe des situations o\u00f9 des donn\u00e9es personnelles peuvent \u00eatre collect\u00e9es par l'utilisation de cookies pour faciliter certaines fonctionnalit\u00e9s pour l'utilisateur ou pour offrir \u00e0 l'utilisateur une exp\u00e9rience adapt\u00e9e \u00e0 ses pr\u00e9f\u00e9rences. Ces donn\u00e9es sont crypt\u00e9es de mani\u00e8re \u00e0 ce qu'il soit impossible pour des personnes non autoris\u00e9es d'y acc\u00e9der.\nEn savoir plus sur ce texte sourceVous devez indiquer le texte source pour obtenir des informations suppl\u00e9mentaires\nEnvoyer des commentaires\nPanneaux lat\u00e9raux<\/p><ol start=\"7\"><li><strong> Blocage des cookies<\/strong><\/li><\/ol><p>La plupart des navigateurs sont configur\u00e9s par d\u00e9faut pour accepter les cookies, mais vous pouvez modifier les param\u00e8tres pour bloquer certains ou tous les cookies.<\/p><p>Si vous souhaitez bloquer les cookies, certaines fonctionnalit\u00e9s du site seront stopp\u00e9es, ce qui peut g\u00e9n\u00e9rer certains dysfonctionnements ou erreurs dans l'utilisation de notre site. Par exemple, le blocage des cookies peut vous emp\u00eacher de :<\/p><p>- Connectez-vous \u00e0 votre compte<\/p><p>- acheter en ligne<\/p><p>Si vous acceptez ces limitations et souhaitez bloquer les cookies, suivez les instructions ci-dessous.<\/p><p>Choisissez votre navigateur dans la liste ci-dessous pour afficher les instructions que vous devez suivre apr\u00e8s avoir ouvert le navigateur.<\/p><p><strong><em>Microsoft Internet Explorer 9 (syst\u00e8me d'exploitation Windows 7)<\/em><\/strong><\/p><p>- cliquez sur l'ic\u00f4ne Param\u00e8tres (en haut \u00e0 droite)<\/p><p>- cliquez sur Options Internet<\/p><p>- cliquez sur Confidentialit\u00e9 puis choisissez les options<\/p><p>- cliquez sur Appliquer puis sur OK pour enregistrer vos pr\u00e9f\u00e9rences<\/p><p><strong><em>Google Chrome<\/em><\/strong><\/p><p>- cliquez sur l'ic\u00f4ne cl\u00e9 \u00e0 molette et s\u00e9lectionnez Options dans la liste<\/p><p>- cliquez sur l'onglet \"Param\u00e8tres avanc\u00e9s\"<\/p><p>- cliquez sur Param\u00e8tres de contenu dans la section Confidentialit\u00e9.<\/p><p>- choisissez les param\u00e8tres que vous souhaitez<\/p><p>\u2013 cliquez sur X pour fermer<\/p><p><strong><em>Safari<\/em><\/strong><\/p><p>\u2013 choisissez Pr\u00e9f\u00e9rences<\/p><p>- cliquez sur le panneau de confidentialit\u00e9<\/p><p>- choisissez les param\u00e8tres que vous souhaitez<\/p><p>\u2013 cliquez sur X pour fermer<\/p><p><strong><em>Mozilla Firefox<\/em><\/strong><\/p><p>- s\u00e9lectionnez Outils dans la barre principale, puis Options<\/p><p>- cliquez sur l'onglet Confidentialit\u00e9<\/p><p>- choisissez les param\u00e8tres que vous souhaitez<\/p><p>\u2013 cliquez sur X pour fermer<\/p><p>Les param\u00e8tres ci-dessus sont sp\u00e9cifiques \u00e0 chaque navigateur et notre soci\u00e9t\u00e9 n'est pas responsable de leur fonctionnement.<\/p><ol start=\"8\"><li><strong>Administration des pr\u00e9f\u00e9rences concernant le placement de cookies<\/strong><\/li><\/ol><p>En g\u00e9n\u00e9ral, une application utilis\u00e9e pour acc\u00e9der \u00e0 des pages Web permet par d\u00e9faut l'enregistrement de cookies et\/ou de technologies similaires sur le terminal. Ces param\u00e8tres peuvent \u00eatre modifi\u00e9s afin que la gestion automatique des cookies soit bloqu\u00e9e par le navigateur Web ou que l'utilisateur soit inform\u00e9 \u00e0 chaque fois que des cookies sont envoy\u00e9s \u00e0 son terminal. Des informations d\u00e9taill\u00e9es sur les possibilit\u00e9s et les modalit\u00e9s de gestion des cookies sont disponibles dans la zone de configuration de l'application (navigateur Web). La limitation de l'utilisation des cookies peut affecter certaines fonctionnalit\u00e9s du site.<\/p><ol start=\"9\"><li><strong> Pourquoi les cookies sont-ils importants pour Internet ?<\/strong><\/li><\/ol><p>Les cookies et\/ou technologies similaires repr\u00e9sentent un point central du fonctionnement efficace d'Internet, contribuant \u00e0 g\u00e9n\u00e9rer une exp\u00e9rience de navigation conviviale adapt\u00e9e aux pr\u00e9f\u00e9rences et aux int\u00e9r\u00eats de chaque utilisateur. Le refus ou la d\u00e9sactivation des cookies peut rendre certains sites ou parties de sites inutilisables.<\/p><p class=\" translation-block\">La d\u00e9sactivation des cookies ne signifie pas que vous ne recevrez plus, conform\u00e9ment \u00e0 la loi, de publicit\u00e9 en ligne - mais seulement qu'elle ne pourra plus prendre en compte vos pr\u00e9f\u00e9rences et centres d'int\u00e9r\u00eat, mis en \u00e9vidence par votre comportement de navigation.\nExemples d'utilisations importantes des cookies (qui ne n\u00e9cessitent pas l'authentification d'un utilisateur via un compte) :<\/p><p>- Contenus et services adapt\u00e9s aux pr\u00e9f\u00e9rences de l'utilisateur - cat\u00e9gories de produits et services.<\/p><p>\u2013 Des offres adapt\u00e9es aux int\u00e9r\u00eats des utilisateurs<\/p><p>\u2013 Conservation des mots de passe<\/p><p>- Maintien des filtres de protection des enfants concernant les contenus Internet (options du mode famille, fonctions de recherche s\u00e9curis\u00e9e).<\/p><p>- Limiter la fr\u00e9quence des diffusions publicitaires - limiter le nombre de fois qu'une publicit\u00e9 est affich\u00e9e pour un certain utilisateur sur un site.<\/p><p>- Fourniture de publicit\u00e9s pertinentes pour l'utilisateur.<\/p><p>\u2013 Mesurer, optimiser et adapter les fonctions d'analyse \u2013 comme confirmer un certain niveau de trafic sur un site Web, quel type de contenu est consult\u00e9 et comment un utilisateur arrive sur un site Web (par exemple : via les moteurs de recherche, directement, \u00e0 partir d'autres sites Web, etc.) . Les sites Web effectuent ces analyses concernant leur utilisation afin d'am\u00e9liorer leurs services au profit des utilisateurs.<\/p><ol start=\"10\"><li><strong> Probl\u00e8mes de s\u00e9curit\u00e9 et de confidentialit\u00e9<\/strong><\/li><\/ol><p>En g\u00e9n\u00e9ral, les navigateurs ont int\u00e9gr\u00e9 des param\u00e8tres de confidentialit\u00e9 qui offrent diff\u00e9rents niveaux d'acceptation des cookies, une p\u00e9riode de validit\u00e9 et une suppression automatique apr\u00e8s que l'utilisateur a visit\u00e9 un certain site.<\/p><p>Autres aspects de s\u00e9curit\u00e9 li\u00e9s aux cookies :<\/p><p>\u2013 Personnaliser les param\u00e8tres du navigateur concernant les cookies pour refl\u00e9ter un niveau confortable pour vous de la s\u00e9curit\u00e9 de l'utilisation des cookies.<\/p><p>\u2013 Si vous \u00eates la seule personne \u00e0 utiliser l'ordinateur, vous pouvez d\u00e9finir, si vous le souhaitez, de longues p\u00e9riodes d'expiration pour le stockage de l'historique de navigation et des donn\u00e9es d'acc\u00e8s personnelles.<\/p><p>\u2013 Si vous partagez l'acc\u00e8s \u00e0 l'ordinateur, vous pouvez envisager de configurer le navigateur pour supprimer les donn\u00e9es de navigation individuelles chaque fois que vous fermez le navigateur.<\/p><ol start=\"11\"><li><strong> Liens et informations utiles compl\u00e9mentaires<\/strong><\/li><\/ol><p class=\" translation-block\">Si vous souhaitez en savoir plus sur les cookies et leur utilisation, nous vous recommandons les liens suivants :\n\nAll About Cookies<\/p><p>C.I.P Liliana Presada utilise les services des tiers suivants \u00e0 des fins d'offre de fonctionnalit\u00e9s, d'analyse et de publicit\u00e9. Il est possible pour ces tiers d'installer et d'utiliser des cookies et\/ou des technologies similaires sur des sites Web et des applications exploit\u00e9s par C.I.P Liliana Presada, ainsi que sur des sites Web et des applications autres que ceux exploit\u00e9s par C.I.P Liliana Presada. Pour plus de d\u00e9tails, consultez les politiques de protection des donn\u00e9es, les guides de gestion des pr\u00e9f\u00e9rences des utilisateurs et les possibilit\u00e9s de d\u00e9sactivation offertes par les soci\u00e9t\u00e9s qui g\u00e8rent ces services, le cas \u00e9ch\u00e9ant.<\/p><p>Liste des services tiers utilis\u00e9s sur le site et les applications C.I.P Liliana Presada : Google Tag Manager, Google Analytics, Google Adwords, Google, Facebook, Google Maps.<\/p><p><strong>Presada Liliana - Cabinet de psychoth\u00e9rapie individuelle<\/strong><\/p><p>\u00a0<\/p>\t\t\t\t\t\t<\/div>\n\t\t\t\t<\/div>\n\t\t\t\t\t<\/div>\n\t\t<\/div>\n\t\t\t\t\t\t\t<\/div>\n\t\t<\/section>\n\t\t\t\t\t\t\t<\/div>","protected":false},"excerpt":{"rendered":"<p>Politica de utilizare Cookie-uri si tehnologii similare Aceasta politica se refera la cookie-urile si la tehnologiile similare folosite, dupa caz, in website-urile si aplicatiile operate de Cabinet Individual de Psihoterapie Liliana Presada. Aceasta politica se completeaza cu politica site-ului PsihologCenter.ro cu privire la protectia datelor personale in general pe care o puteti gasi\u00a0aici\u00a0si cu Termenii [&hellip;]<\/p>","protected":false},"author":1,"featured_media":0,"parent":0,"menu_order":0,"comment_status":"closed","ping_status":"closed","template":"","meta":{"footnotes":""},"class_list":["post-133","page","type-page","status-publish","hentry","entry"],"_links":{"self":[{"href":"https:\/\/psihologcentru.com\/fr\/wp-json\/wp\/v2\/pages\/133","targetHints":{"allow":["GET"]}}],"collection":[{"href":"https:\/\/psihologcentru.com\/fr\/wp-json\/wp\/v2\/pages"}],"about":[{"href":"https:\/\/psihologcentru.com\/fr\/wp-json\/wp\/v2\/types\/page"}],"author":[{"embeddable":true,"href":"https:\/\/psihologcentru.com\/fr\/wp-json\/wp\/v2\/users\/1"}],"replies":[{"embeddable":true,"href":"https:\/\/psihologcentru.com\/fr\/wp-json\/wp\/v2\/comments?post=133"}],"version-history":[{"count":4,"href":"https:\/\/psihologcentru.com\/fr\/wp-json\/wp\/v2\/pages\/133\/revisions"}],"predecessor-version":[{"id":160,"href":"https:\/\/psihologcentru.com\/fr\/wp-json\/wp\/v2\/pages\/133\/revisions\/160"}],"wp:attachment":[{"href":"https:\/\/psihologcentru.com\/fr\/wp-json\/wp\/v2\/media?parent=133"}],"curies":[{"name":"wp","href":"https:\/\/api.w.org\/{rel}","templated":true}]}}