{"id":134,"date":"2022-07-22T10:40:31","date_gmt":"2022-07-22T10:40:31","guid":{"rendered":"https:\/\/psihologcentru.com\/?page_id=134"},"modified":"2022-07-22T10:44:46","modified_gmt":"2022-07-22T10:44:46","slug":"politica-de-confidentialitate","status":"publish","type":"page","link":"https:\/\/psihologcentru.com\/fr\/politica-de-confidentialitate\/","title":{"rendered":"POLITIQUE DE CONFIDENTIALIT\u00c9"},"content":{"rendered":"<div data-elementor-type=\"wp-page\" data-elementor-id=\"134\" class=\"elementor elementor-134\" data-elementor-post-type=\"page\">\n\t\t\t\t\t\t\t\t\t<section class=\"elementor-section elementor-top-section elementor-element elementor-element-ce406fd elementor-section-boxed elementor-section-height-default elementor-section-height-default\" data-id=\"ce406fd\" data-element_type=\"section\">\n\t\t\t\t\t\t\t<div class=\"elementor-background-overlay\"><\/div>\n\t\t\t\t\t\t\t<div class=\"elementor-container elementor-column-gap-default\">\n\t\t\t\t\t<div class=\"elementor-column elementor-col-100 elementor-top-column elementor-element elementor-element-969ee5c lakit-col-width-auto-no\" data-id=\"969ee5c\" data-element_type=\"column\">\n\t\t\t<div class=\"elementor-widget-wrap elementor-element-populated\">\n\t\t\t\t\t\t\t\t<div class=\"elementor-element elementor-element-e933f56 elementor-invisible lakit-has-entrance-animation elementor-widget elementor-widget-heading\" data-id=\"e933f56\" data-element_type=\"widget\" data-settings=\"{&quot;_animation&quot;:&quot;fadeInUp&quot;}\" data-widget_type=\"heading.default\">\n\t\t\t\t<div class=\"elementor-widget-container\">\n\t\t\t<style>\/*! elementor - v3.16.0 - 13-09-2023 *\/\n.elementor-heading-title{padding:0;margin:0;line-height:1}.elementor-widget-heading .elementor-heading-title[class*=elementor-size-]>a{color:inherit;font-size:inherit;line-height:inherit}.elementor-widget-heading .elementor-heading-title.elementor-size-small{font-size:15px}.elementor-widget-heading .elementor-heading-title.elementor-size-medium{font-size:19px}.elementor-widget-heading .elementor-heading-title.elementor-size-large{font-size:29px}.elementor-widget-heading .elementor-heading-title.elementor-size-xl{font-size:39px}.elementor-widget-heading .elementor-heading-title.elementor-size-xxl{font-size:59px}<\/style><h1 class=\"elementor-heading-title elementor-size-default\">POLITIQUE DE CONFIDENTIALIT\u00c9<\/h1>\t\t<\/div>\n\t\t\t\t<\/div>\n\t\t\t\t\t<\/div>\n\t\t<\/div>\n\t\t\t\t\t\t\t<\/div>\n\t\t<\/section>\n\t\t\t\t<section class=\"elementor-section elementor-top-section elementor-element elementor-element-feb2b79 elementor-section-boxed elementor-section-height-default elementor-section-height-default\" data-id=\"feb2b79\" data-element_type=\"section\">\n\t\t\t\t\t\t<div class=\"elementor-container elementor-column-gap-default\">\n\t\t\t\t\t<div class=\"elementor-column elementor-col-100 elementor-top-column elementor-element elementor-element-b14af72 lakit-col-width-auto-no\" data-id=\"b14af72\" data-element_type=\"column\">\n\t\t\t<div class=\"elementor-widget-wrap elementor-element-populated\">\n\t\t\t\t\t\t\t\t<div class=\"elementor-element elementor-element-594ae82 elementor-widget elementor-widget-text-editor\" data-id=\"594ae82\" data-element_type=\"widget\" data-widget_type=\"text-editor.default\">\n\t\t\t\t<div class=\"elementor-widget-container\">\n\t\t\t<style>\/*! elementor - v3.16.0 - 13-09-2023 *\/\n.elementor-widget-text-editor.elementor-drop-cap-view-stacked .elementor-drop-cap{background-color:#69727d;color:#fff}.elementor-widget-text-editor.elementor-drop-cap-view-framed .elementor-drop-cap{color:#69727d;border:3px solid;background-color:transparent}.elementor-widget-text-editor:not(.elementor-drop-cap-view-default) .elementor-drop-cap{margin-top:8px}.elementor-widget-text-editor:not(.elementor-drop-cap-view-default) .elementor-drop-cap-letter{width:1em;height:1em}.elementor-widget-text-editor .elementor-drop-cap{float:left;text-align:center;line-height:1;font-size:50px}.elementor-widget-text-editor .elementor-drop-cap-letter{display:inline-block}<\/style>\t\t\t\t<ol><li><strong> Informations g\u00e9n\u00e9rales<\/strong><\/li><\/ol><p>La confidentialit\u00e9 de vos donn\u00e9es personnelles est l'une des principales pr\u00e9occupations du centre de Psychoth\u00e9rapie Individuelle Liliana Presada (\"la Clinique\").<\/p><p class=\" translation-block\">Ce document est destin\u00e9 \u00e0 vous informer sur le traitement de vos donn\u00e9es personnelles, dans le cadre de l'utilisation du site www.psihologcentru.com<\/p><p>\u00a0(le site\")<\/p><ol><li><strong> Cat\u00e9gories de donn\u00e9es personnelles trait\u00e9es<\/strong><\/li><\/ol><p class=\" translation-block\">II.1. Si vous \u00eates client du Site, le Cabinet traitera vos donn\u00e9es personnelles, telles que nom et pr\u00e9nom, t\u00e9l\u00e9phone, adresse e-mail, adresse, donn\u00e9es relatives \u00e0 votre utilisation du Site, par exemple comportement\/pr\u00e9f\u00e9rences\/vos habitudes de navigation sur le Site, ainsi que toute autre cat\u00e9gorie de donn\u00e9es que vous fournissez en utilisant le Site.<\/p><p class=\" translation-block\">II.2. Si vous \u00eates visiteur du Site, le Cabinet traitera vos donn\u00e9es personnelles que vous fournissez directement dans le cadre de l'utilisation du Site, telles que les donn\u00e9es que vous fournissez dans la rubrique contact\/questions\/rendez-vous, dans la mesure o\u00f9 vous contactez-nous de cette mani\u00e8re.<\/p><p><strong>La dur\u00e9e pendant laquelle nous traitons vos donn\u00e9es<\/strong><\/p><p>En principe, le Cabinet traitera vos donn\u00e9es personnelles autant que n\u00e9cessaire pour atteindre les finalit\u00e9s de traitement mentionn\u00e9es ci-dessus.<\/p><p>Si vous \u00eates client, nous traiterons vos donn\u00e9es pendant toute la dur\u00e9e de la relation contractuelle et ensuite selon les obligations l\u00e9gales qui rel\u00e8vent de la responsabilit\u00e9 du Cabinet (par exemple, en cas de pi\u00e8ces justificatives comptables dont la conservation d\u00e9lai pr\u00e9vu par la loi est de 10 ans \u00e0 compter de la cl\u00f4ture de l'exercice au cours duquel ils ont \u00e9t\u00e9 \u00e9tablis).<\/p><ol><li><strong> Vos droits<\/strong><\/li><\/ol><p>Dans les conditions pr\u00e9vues par la l\u00e9gislation sur le traitement des donn\u00e9es \u00e0 caract\u00e8re personnel, en tant que personnes concern\u00e9es, vous b\u00e9n\u00e9ficiez des droits suivants :<\/p><ul><li>Le droit \u00e0 l'information, respectivement le droit de recevoir des d\u00e9tails concernant les activit\u00e9s de traitement effectu\u00e9es par le Cabinet, telles que d\u00e9crites dans le pr\u00e9sent document ;<\/li><li>Le droit d'acc\u00e8s aux donn\u00e9es, respectivement le droit d'obtenir la confirmation du Cabinet concernant le traitement des donn\u00e9es personnelles, ainsi que des d\u00e9tails concernant les activit\u00e9s de traitement telles que la mani\u00e8re dont les donn\u00e9es sont trait\u00e9es, la finalit\u00e9 pour laquelle le traitement est fait, les destinataires ou les cat\u00e9gories de destinataires des donn\u00e9es, etc. ;<\/li><li>Le droit de rectification, respectivement le droit d'obtenir la correction, sans d\u00e9lai justifi\u00e9, par le Cabinet des donn\u00e9es personnelles inexactes\/injustifi\u00e9es, ainsi que le compl\u00e9ment des donn\u00e9es incompl\u00e8tes ; La correction\/compl\u00e9tion sera communiqu\u00e9e \u00e0 chaque destinataire auquel les donn\u00e9es ont \u00e9t\u00e9 transmises, sauf si cela s'av\u00e8re impossible ou implique des efforts disproportionn\u00e9s.<\/li><li>Le droit de supprimer les donn\u00e9es, sans retard injustifi\u00e9, (\u00ab le droit \u00e0 l'oubli \u00bb), si l'une des raisons suivantes s'applique :<ul><li>Elles ne sont plus n\u00e9cessaires \u00e0 la r\u00e9alisation des finalit\u00e9s pour lesquelles elles ont \u00e9t\u00e9 collect\u00e9es ou trait\u00e9es ;<\/li><li>Si le consentement est retir\u00e9 et qu'il n'existe aucune autre base l\u00e9gale pour le traitement ;<\/li><li>Si la personne concern\u00e9e s'oppose au traitement et qu'il n'existe pas de motifs l\u00e9gitimes imp\u00e9rieux ;<\/li><li>Si les donn\u00e9es personnelles ont \u00e9t\u00e9 trait\u00e9es ill\u00e9galement ;<\/li><li>Si des donn\u00e9es personnelles doivent \u00eatre supprim\u00e9es pour se conformer \u00e0 une obligation l\u00e9gale ;<\/li><li>Les donn\u00e9es personnelles ont \u00e9t\u00e9 collect\u00e9es dans le cadre de la fourniture de services de la soci\u00e9t\u00e9 de l'information conform\u00e9ment au droit de l'Union ou au droit interne auquel l'op\u00e9rateur est soumis.<\/li><\/ul><\/li><li>Il est possible que, suite \u00e0 la demande de suppression des donn\u00e9es, le Cabinet anonymise ces donn\u00e9es (les privant ainsi de leur caract\u00e8re personnel) et poursuive le traitement \u00e0 des fins statistiques dans ces conditions ;<\/li><li>Le droit de restreindre le traitement dans la mesure o\u00f9 :<ul><li>Une personne conteste l'exactitude des donn\u00e9es, pendant une p\u00e9riode qui nous permet de v\u00e9rifier l'exactitude des donn\u00e9es ;<\/li><li>Le traitement est ill\u00e9gal et la personne concern\u00e9e s'oppose \u00e0 la suppression des donn\u00e9es personnelles, demandant \u00e0 la place la restriction de leur utilisation ;<\/li><li>L'op\u00e9rateur n'a plus besoin des donn\u00e9es personnelles pour les finalit\u00e9s du traitement, mais la personne concern\u00e9e en fait la demande pour la constatation, l'exercice ou la d\u00e9fense d'un droit en justice ; ou<\/li><li>Une personne concern\u00e9e s'est oppos\u00e9e au traitement (autre que le marketing direct), pendant la p\u00e9riode au cours de laquelle il est v\u00e9rifi\u00e9 si les droits l\u00e9gitimes de l'op\u00e9rateur pr\u00e9valent sur ceux de la personne concern\u00e9e.<\/li><\/ul><\/li><li>Le droit d'opposition \u2013 concernant les activit\u00e9s de traitement peut \u00eatre exerc\u00e9 en envoyant une demande comme indiqu\u00e9 ci-dessous ;<ul><li>A tout moment, pour des raisons li\u00e9es \u00e0 la situation particuli\u00e8re dans laquelle se trouve la personne concern\u00e9e, que les donn\u00e9es la concernant soient trait\u00e9es sur la base de l'int\u00e9r\u00eat l\u00e9gitime du Cabinet ou sur la base de l'int\u00e9r\u00eat public, sauf dans les cas o\u00f9 le Cabinet peut d\u00e9montrer qu'il a des motifs l\u00e9gitimes et imp\u00e9ratifs qui justifient le traitement et qui pr\u00e9valent sur les int\u00e9r\u00eats, droits et libert\u00e9s des personnes concern\u00e9es ou que la finalit\u00e9 est de constater, d'exercer ou de d\u00e9fendre un droit en justice ;<\/li><li>A tout moment, gratuitement et sans aucune justification, que les donn\u00e9es le concernant soient trait\u00e9es \u00e0 des fins de marketing direct.<\/li><\/ul><\/li><li>Le droit de ne pas faire l'objet d'une d\u00e9cision individuelle automatis\u00e9e, c'est-\u00e0-dire le droit de ne pas faire l'objet d'une d\u00e9cision prise uniquement sur la base d'activit\u00e9s de traitement automatis\u00e9, y compris la cr\u00e9ation de profils, produisant des effets juridiques concernant la personne concern\u00e9e ou l'affecter de mani\u00e8re similaire dans une mesure significative ;<\/li><li>Le droit de saisir l'Autorit\u00e9 nationale de contr\u00f4le du traitement des donn\u00e9es personnelles ou les tribunaux comp\u00e9tents, dans la mesure que vous jugez n\u00e9cessaire.<\/li><\/ul><p class=\" translation-block\">Pour toute question suppl\u00e9mentaire concernant le traitement des donn\u00e9es personnelles et pour exercer vos droits mentionn\u00e9s ci-dessus, veuillez contacter l'adresse e-mail : office@psihologcentru.com<\/p><p>Ce site web utilise des cookies. Pour plus d'informations sur l'utilisation de ces fichiers, veuillez consulter le lien suivant :\u00a0<\/p><p><a href=\"https:\/\/psihologcentru.com\/fr\/politica-fisierelor-cookie\/\">https:\/\/psihologcentru.com\/politica-fisierelor-cookie\/<\/a><\/p>\t\t\t\t\t\t<\/div>\n\t\t\t\t<\/div>\n\t\t\t\t\t<\/div>\n\t\t<\/div>\n\t\t\t\t\t\t\t<\/div>\n\t\t<\/section>\n\t\t\t\t\t\t\t<\/div>","protected":false},"excerpt":{"rendered":"<p>Informa\u021bii generale Confiden\u021bialitatea datelor dumneavoastr\u0103 cu caracter personal reprezint\u0103 una dintre preocup\u0103rile principale ale Cabinetului Individual de Psihoterapie Liliana Presada (\u201cCabinetul\u201d). Acest document are rolul de a v\u0103 informa cu privire la prelucrarea datelor dumneavoastr\u0103 cu caracter personal, \u00een contextul utiliz\u0103rii paginii de internet\u00a0www.psihologcentru.com \u00a0(\u201eSite-ul\u201d) Categoriile de date cu caracter personal prelucrate II.1.\u00a0Dac\u0103 sunte\u021bi client [&hellip;]<\/p>","protected":false},"author":1,"featured_media":0,"parent":0,"menu_order":0,"comment_status":"closed","ping_status":"closed","template":"","meta":{"footnotes":""},"class_list":["post-134","page","type-page","status-publish","hentry","entry"],"_links":{"self":[{"href":"https:\/\/psihologcentru.com\/fr\/wp-json\/wp\/v2\/pages\/134","targetHints":{"allow":["GET"]}}],"collection":[{"href":"https:\/\/psihologcentru.com\/fr\/wp-json\/wp\/v2\/pages"}],"about":[{"href":"https:\/\/psihologcentru.com\/fr\/wp-json\/wp\/v2\/types\/page"}],"author":[{"embeddable":true,"href":"https:\/\/psihologcentru.com\/fr\/wp-json\/wp\/v2\/users\/1"}],"replies":[{"embeddable":true,"href":"https:\/\/psihologcentru.com\/fr\/wp-json\/wp\/v2\/comments?post=134"}],"version-history":[{"count":4,"href":"https:\/\/psihologcentru.com\/fr\/wp-json\/wp\/v2\/pages\/134\/revisions"}],"predecessor-version":[{"id":163,"href":"https:\/\/psihologcentru.com\/fr\/wp-json\/wp\/v2\/pages\/134\/revisions\/163"}],"wp:attachment":[{"href":"https:\/\/psihologcentru.com\/fr\/wp-json\/wp\/v2\/media?parent=134"}],"curies":[{"name":"wp","href":"https:\/\/api.w.org\/{rel}","templated":true}]}}