{"id":149,"date":"2022-07-22T10:40:54","date_gmt":"2022-07-22T10:40:54","guid":{"rendered":"https:\/\/psihologcentru.com\/?page_id=149"},"modified":"2022-07-22T10:45:06","modified_gmt":"2022-07-22T10:45:06","slug":"termeni-si-conditii","status":"publish","type":"page","link":"https:\/\/psihologcentru.com\/fr\/termeni-si-conditii\/","title":{"rendered":"TERMES ET CONDITIONS"},"content":{"rendered":"<div data-elementor-type=\"wp-page\" data-elementor-id=\"149\" class=\"elementor elementor-149\" data-elementor-post-type=\"page\">\n\t\t\t\t\t\t\t\t\t<section class=\"elementor-section elementor-top-section elementor-element elementor-element-dfca17d elementor-section-boxed elementor-section-height-default elementor-section-height-default\" data-id=\"dfca17d\" data-element_type=\"section\">\n\t\t\t\t\t\t\t<div class=\"elementor-background-overlay\"><\/div>\n\t\t\t\t\t\t\t<div class=\"elementor-container elementor-column-gap-default\">\n\t\t\t\t\t<div class=\"elementor-column elementor-col-100 elementor-top-column elementor-element elementor-element-7166681 lakit-col-width-auto-no\" data-id=\"7166681\" data-element_type=\"column\">\n\t\t\t<div class=\"elementor-widget-wrap elementor-element-populated\">\n\t\t\t\t\t\t\t\t<div class=\"elementor-element elementor-element-1d392f6 elementor-invisible lakit-has-entrance-animation elementor-widget elementor-widget-heading\" data-id=\"1d392f6\" data-element_type=\"widget\" data-settings=\"{&quot;_animation&quot;:&quot;fadeInUp&quot;}\" data-widget_type=\"heading.default\">\n\t\t\t\t<div class=\"elementor-widget-container\">\n\t\t\t<style>\/*! elementor - v3.16.0 - 13-09-2023 *\/\n.elementor-heading-title{padding:0;margin:0;line-height:1}.elementor-widget-heading .elementor-heading-title[class*=elementor-size-]>a{color:inherit;font-size:inherit;line-height:inherit}.elementor-widget-heading .elementor-heading-title.elementor-size-small{font-size:15px}.elementor-widget-heading .elementor-heading-title.elementor-size-medium{font-size:19px}.elementor-widget-heading .elementor-heading-title.elementor-size-large{font-size:29px}.elementor-widget-heading .elementor-heading-title.elementor-size-xl{font-size:39px}.elementor-widget-heading .elementor-heading-title.elementor-size-xxl{font-size:59px}<\/style><h1 class=\"elementor-heading-title elementor-size-default\">TERMES ET CONDITIONS<\/h1>\t\t<\/div>\n\t\t\t\t<\/div>\n\t\t\t\t\t<\/div>\n\t\t<\/div>\n\t\t\t\t\t\t\t<\/div>\n\t\t<\/section>\n\t\t\t\t<section class=\"elementor-section elementor-top-section elementor-element elementor-element-04fb27e elementor-section-boxed elementor-section-height-default elementor-section-height-default\" data-id=\"04fb27e\" data-element_type=\"section\">\n\t\t\t\t\t\t<div class=\"elementor-container elementor-column-gap-default\">\n\t\t\t\t\t<div class=\"elementor-column elementor-col-100 elementor-top-column elementor-element elementor-element-d26ac87 lakit-col-width-auto-no\" data-id=\"d26ac87\" data-element_type=\"column\">\n\t\t\t<div class=\"elementor-widget-wrap elementor-element-populated\">\n\t\t\t\t\t\t\t\t<div class=\"elementor-element elementor-element-98100e9 elementor-widget elementor-widget-text-editor\" data-id=\"98100e9\" data-element_type=\"widget\" data-widget_type=\"text-editor.default\">\n\t\t\t\t<div class=\"elementor-widget-container\">\n\t\t\t<style>\/*! elementor - v3.16.0 - 13-09-2023 *\/\n.elementor-widget-text-editor.elementor-drop-cap-view-stacked .elementor-drop-cap{background-color:#69727d;color:#fff}.elementor-widget-text-editor.elementor-drop-cap-view-framed .elementor-drop-cap{color:#69727d;border:3px solid;background-color:transparent}.elementor-widget-text-editor:not(.elementor-drop-cap-view-default) .elementor-drop-cap{margin-top:8px}.elementor-widget-text-editor:not(.elementor-drop-cap-view-default) .elementor-drop-cap-letter{width:1em;height:1em}.elementor-widget-text-editor .elementor-drop-cap{float:left;text-align:center;line-height:1;font-size:50px}.elementor-widget-text-editor .elementor-drop-cap-letter{display:inline-block}<\/style>\t\t\t\t<p class=\" translation-block\">Conditions g\u00e9n\u00e9rales d'utilisation du site www.psihologcentru.com<\/p><p>\u00a0<\/p><p>INTRODUCTION<br \/>Les pr\u00e9sentes Conditions G\u00e9n\u00e9rales d\u00e9finissent les conditions d'utilisation du site\u00a0<a href=\"https:\/\/psihologcentru.com\/fr\/\">www.psihologcentru.com<\/a> \u00a0par les \u00e9ventuels visiteurs ou clients. En acc\u00e9dant et en naviguant sur ce site, vous acceptez les conditions d'utilisation d\u00e9crites ci-dessous.<\/p><p>DROITS SUR LE CONTENU DU SITE<\/p><p>Le cabinet de psychoth\u00e9rapie individuelle Liliana Presad\u0103 (ci-apr\u00e8s d\u00e9nomm\u00e9 \"Cabinet\") d\u00e9tient les droits pleins et entiers sur le titre de propri\u00e9t\u00e9 et, par cons\u00e9quent, tous les droits d'auteur et droits de brevet.<\/p><p>Toutes les informations, produits ou applications contenus dans ce site sont la propri\u00e9t\u00e9 du Cabinet qui se r\u00e9serve le droit de modifier le contenu et\/ou la structure du site \u00e0 tout moment et sans pr\u00e9avis.<\/p><p class=\" translation-block\">L'int\u00e9gralit\u00e9 du contenu du site www.psihologcentru.com est prot\u00e9g\u00e9e par la loi sur le droit d'auteur, tous droits r\u00e9serv\u00e9s. Tous les droits aff\u00e9rents aux pages, au contenu et \u00e0 la pr\u00e9sentation du site sont la propri\u00e9t\u00e9 du Cabinet. Il est interdit de copier, modifier, afficher, distribuer, transmettre, publier, vendre, conc\u00e9der sous licence, cr\u00e9er des mat\u00e9riaux d\u00e9riv\u00e9s ou utiliser le contenu du site \u00e0 quelque fin que ce soit sans confirmation \u00e9crite du Cabinet.<\/p><p>Le terme \"utilisateur\" de cette page d\u00e9signe toute personne physique ou morale qui va acc\u00e9der au site.<\/p><p class=\" translation-block\">EXCLUSION DE RESPONSABILIT\u00c9<br>\nLe contenu des informations se r\u00e9f\u00e8re \u00e0 la description avec un certain degr\u00e9 de d\u00e9tail des activit\u00e9s, produits et services du Cabinet.<\/p><p class=\" translation-block\">Ainsi, le Cabinet ne pourra \u00eatre tenu responsable des dommages directs ou indirects caus\u00e9s par l'utilisation de son site internet.\n<br>Toutes les informations pr\u00e9sent\u00e9es sur le site concernant les produits, les prix, les informations, les campagnes marketing et promotions, les aspects techniques, sont pr\u00e9sent\u00e9es \u00e0 titre purement informatif. Rien dans le contenu du site www.PsihologCenter.ro ne peut constituer une offre ferme de contracter et ne saurait engager la responsabilit\u00e9 du Cabinet \u00e0 d\u00e9faut d'accords ult\u00e9rieurs<\/p><p class=\" translation-block\">L'OBJECTIF DU CONTENU DU SITE\n<br>Le contenu du site a pour objectif de v\u00e9hiculer des informations actualis\u00e9es et exactes.<\/p><p>Le cabinet ne peut garantir que ces pages ne contiennent pas d'erreurs et assure qu'il fera toute la diligence n\u00e9cessaire pour fournir des informations correctes et rem\u00e9dier aux \u00e9ventuelles erreurs.<\/p><p>COMMUNICATION AVEC LES VISITEURS DU SITE WEB<br \/>Les moyens par lesquels les visiteurs du site entrent en contact avec nous sont : adresse e-mail, num\u00e9ro de t\u00e9l\u00e9phone, formulaires pr\u00e9sents sur le site.<\/p><p>Ce contact a lieu pour demander des informations sur nos produits, solliciter nos offres de prix, consulter notre avis sur diff\u00e9rents sujets, b\u00e9n\u00e9ficier de nos services, faciliter le processus de paiement.<\/p><p>Votre initiation de contact est\/sont votre consentement \u00e0 r\u00e9pondre, fournir des informations, recevoir des d\u00e9tails de paiement ou toute information demand\u00e9e.<\/p><p>Apr\u00e8s la communication initiale, le Cabinet \u00e9tablit comme son int\u00e9r\u00eat l\u00e9gitime la possibilit\u00e9 d'envoyer et de communiquer des informations ult\u00e9rieures, pertinentes \u00e0 votre demande, sans avoir le caract\u00e8re d'une newsletter.<\/p><p>\u00c0 cet \u00e9gard, le Cabinet a \u00e9tabli un d\u00e9lai raisonnable de traitement ult\u00e9rieur de 18 mois \u00e0 compter de la date d'initiation de la communication.<\/p><p class=\" translation-block\">LIEN VERS D'AUTRES SITES\n<br>Ce site peut contenir des liens ou des r\u00e9f\u00e9rences vers d'autres sites que le Cabinet juge utiles par rapport au contenu de son site et qui ne sont pas sous son contr\u00f4le ou sa direction. En cas d'utilisation de ces liens ou r\u00e9f\u00e9rences, les conditions g\u00e9n\u00e9rales d'utilisation correspondant \u00e0 ces sites s'appliqueront.<\/p><p>Le cabinet ne peut garantir\/contr\u00f4ler l'actualit\u00e9\/exactitude des informations pr\u00e9sentes sur les sites internet de tiers, auxquels il est fait r\u00e9f\u00e9rence \u00e0 partir de son site internet.<\/p><p>INFORMATIONS FOURNIES SUR LE SITE<br \/>Toute personne qui visite le site www.PsihologCenter.ro et qui fournit des donn\u00e9es ou des informations personnelles par le biais de ce site consent express\u00e9ment et sans \u00e9quivoque \u00e0 ce qui suit : le traitement de ces donn\u00e9es et informations personnelles par le Cabinet afin de r\u00e9aliser des \u00e9tudes de march\u00e9 ; transmission de mat\u00e9riel promotionnel sp\u00e9cifique aux op\u00e9rations de marketing direct; la r\u00e9solution par le Cabinet des demandes, questions et r\u00e9clamations adress\u00e9es (voir la page Contact du site internet) ; autres activit\u00e9s entreprises par le Cabinet et autoris\u00e9es par la loi, qui ne sont pas soumises \u00e0 l'approbation du b\u00e9n\u00e9ficiaire.<\/p><p>Le Cabinet gardera ces informations confidentielles.<\/p><p>L'utilisation continue de ce site constitue votre consentement expr\u00e8s et sans \u00e9quivoque conform\u00e9ment aux directives RGPD pour la protection des personnes \u00e0 l'\u00e9gard du traitement des donn\u00e9es personnelles et la libre circulation de ces donn\u00e9es.<\/p><p>Pour toute pr\u00e9occupation concernant l'exercice de vos droits concernant l'utilisation du site et la protection de l'utilisation, veuillez nous contacter via la rubrique Contact du site.<\/p>\t\t\t\t\t\t<\/div>\n\t\t\t\t<\/div>\n\t\t\t\t\t<\/div>\n\t\t<\/div>\n\t\t\t\t\t\t\t<\/div>\n\t\t<\/section>\n\t\t\t\t\t\t\t<\/div>","protected":false},"excerpt":{"rendered":"<p>Condi\u0163ii Generale pentru utilizarea site-ului\u00a0www.psihologcentru.com \u00a0 INTRODUCEREPrezentele Condi\u0163ii Generale definesc condi\u0163iile de utilizare a site-ului\u00a0www.psihologcentru.com \u00a0de c\u0103tre poten\u0163ialii vizitatori sau clien\u0163i. Acces\u00e2nd \u015fi navig\u00e2nd pe acest site, accepta\u0163i termenii de utilizare descri\u015fi \u00een continuare. DREPTURILE ASUPRA CON\u0162INUTULUI SITE-ULUI Cabinet Individual de Psihoterapie Liliana Presad\u0103 (denumit\u0103 \u00een continuare \u201cCabinet\u201d) de\u0163ine drepturi complete \u015fi depline asupra titlului [&hellip;]<\/p>","protected":false},"author":1,"featured_media":0,"parent":0,"menu_order":0,"comment_status":"closed","ping_status":"closed","template":"","meta":{"footnotes":""},"class_list":["post-149","page","type-page","status-publish","hentry","entry"],"_links":{"self":[{"href":"https:\/\/psihologcentru.com\/fr\/wp-json\/wp\/v2\/pages\/149","targetHints":{"allow":["GET"]}}],"collection":[{"href":"https:\/\/psihologcentru.com\/fr\/wp-json\/wp\/v2\/pages"}],"about":[{"href":"https:\/\/psihologcentru.com\/fr\/wp-json\/wp\/v2\/types\/page"}],"author":[{"embeddable":true,"href":"https:\/\/psihologcentru.com\/fr\/wp-json\/wp\/v2\/users\/1"}],"replies":[{"embeddable":true,"href":"https:\/\/psihologcentru.com\/fr\/wp-json\/wp\/v2\/comments?post=149"}],"version-history":[{"count":4,"href":"https:\/\/psihologcentru.com\/fr\/wp-json\/wp\/v2\/pages\/149\/revisions"}],"predecessor-version":[{"id":166,"href":"https:\/\/psihologcentru.com\/fr\/wp-json\/wp\/v2\/pages\/149\/revisions\/166"}],"wp:attachment":[{"href":"https:\/\/psihologcentru.com\/fr\/wp-json\/wp\/v2\/media?parent=149"}],"curies":[{"name":"wp","href":"https:\/\/api.w.org\/{rel}","templated":true}]}}