{"id":31,"date":"2022-07-22T09:53:18","date_gmt":"2022-07-22T09:53:18","guid":{"rendered":"https:\/\/psihologcentru.com\/?page_id=31"},"modified":"2022-08-17T10:24:52","modified_gmt":"2022-08-17T10:24:52","slug":"despre-mine","status":"publish","type":"page","link":"https:\/\/psihologcentru.com\/fr\/despre-mine\/","title":{"rendered":"\u00c0 propos de nous"},"content":{"rendered":"<div data-elementor-type=\"wp-page\" data-elementor-id=\"31\" class=\"elementor elementor-31\" data-elementor-post-type=\"page\">\n\t\t\t\t\t\t\t\t\t<section class=\"elementor-section elementor-top-section elementor-element elementor-element-752320a3 elementor-section-boxed elementor-section-height-default elementor-section-height-default\" data-id=\"752320a3\" data-element_type=\"section\">\n\t\t\t\t\t\t\t<div class=\"elementor-background-overlay\"><\/div>\n\t\t\t\t\t\t\t<div class=\"elementor-container elementor-column-gap-default\">\n\t\t\t\t\t<div class=\"elementor-column elementor-col-100 elementor-top-column elementor-element elementor-element-43150aa9 lakit-col-width-auto-no\" data-id=\"43150aa9\" data-element_type=\"column\">\n\t\t\t<div class=\"elementor-widget-wrap elementor-element-populated\">\n\t\t\t\t\t\t\t\t<div class=\"elementor-element elementor-element-4f9b9289 elementor-invisible lakit-has-entrance-animation elementor-widget elementor-widget-heading\" data-id=\"4f9b9289\" data-element_type=\"widget\" data-settings=\"{&quot;_animation&quot;:&quot;fadeInUp&quot;}\" data-widget_type=\"heading.default\">\n\t\t\t\t<div class=\"elementor-widget-container\">\n\t\t\t<style>\/*! elementor - v3.16.0 - 13-09-2023 *\/\n.elementor-heading-title{padding:0;margin:0;line-height:1}.elementor-widget-heading .elementor-heading-title[class*=elementor-size-]>a{color:inherit;font-size:inherit;line-height:inherit}.elementor-widget-heading .elementor-heading-title.elementor-size-small{font-size:15px}.elementor-widget-heading .elementor-heading-title.elementor-size-medium{font-size:19px}.elementor-widget-heading .elementor-heading-title.elementor-size-large{font-size:29px}.elementor-widget-heading .elementor-heading-title.elementor-size-xl{font-size:39px}.elementor-widget-heading .elementor-heading-title.elementor-size-xxl{font-size:59px}<\/style><h1 class=\"elementor-heading-title elementor-size-default\">\u00c0 propos de nous<\/h1>\t\t<\/div>\n\t\t\t\t<\/div>\n\t\t\t\t\t<\/div>\n\t\t<\/div>\n\t\t\t\t\t\t\t<\/div>\n\t\t<\/section>\n\t\t\t\t<section class=\"elementor-section elementor-top-section elementor-element elementor-element-1521eebf elementor-section-boxed elementor-section-height-default elementor-section-height-default\" data-id=\"1521eebf\" data-element_type=\"section\">\n\t\t\t\t\t\t<div class=\"elementor-container elementor-column-gap-default\">\n\t\t\t\t\t<div class=\"elementor-column elementor-col-50 elementor-top-column elementor-element elementor-element-133cdb7f lakit-col-width-auto-no elementor-invisible lakit-has-entrance-animation\" data-id=\"133cdb7f\" data-element_type=\"column\" data-settings=\"{&quot;animation&quot;:&quot;fadeInLeft&quot;}\">\n\t\t\t<div class=\"elementor-widget-wrap elementor-element-populated\">\n\t\t\t\t\t\t\t\t<div class=\"elementor-element elementor-element-7953c140 elementor-widget elementor-widget-heading\" data-id=\"7953c140\" data-element_type=\"widget\" data-widget_type=\"heading.default\">\n\t\t\t\t<div class=\"elementor-widget-container\">\n\t\t\t<h6 class=\"elementor-heading-title elementor-size-default\">Liliana Presada<\/h6>\t\t<\/div>\n\t\t\t\t<\/div>\n\t\t\t\t<div class=\"elementor-element elementor-element-3c8aaa93 elementor-widget elementor-widget-heading\" data-id=\"3c8aaa93\" data-element_type=\"widget\" data-widget_type=\"heading.default\">\n\t\t\t\t<div class=\"elementor-widget-container\">\n\t\t\t<h2 class=\"elementor-heading-title elementor-size-default\">Qui suis je?<\/h2>\t\t<\/div>\n\t\t\t\t<\/div>\n\t\t\t\t<div class=\"elementor-element elementor-element-5c94356a elementor-widget elementor-widget-text-editor\" data-id=\"5c94356a\" data-element_type=\"widget\" data-widget_type=\"text-editor.default\">\n\t\t\t\t<div class=\"elementor-widget-container\">\n\t\t\t<style>\/*! elementor - v3.16.0 - 13-09-2023 *\/\n.elementor-widget-text-editor.elementor-drop-cap-view-stacked .elementor-drop-cap{background-color:#69727d;color:#fff}.elementor-widget-text-editor.elementor-drop-cap-view-framed .elementor-drop-cap{color:#69727d;border:3px solid;background-color:transparent}.elementor-widget-text-editor:not(.elementor-drop-cap-view-default) .elementor-drop-cap{margin-top:8px}.elementor-widget-text-editor:not(.elementor-drop-cap-view-default) .elementor-drop-cap-letter{width:1em;height:1em}.elementor-widget-text-editor .elementor-drop-cap{float:left;text-align:center;line-height:1;font-size:50px}.elementor-widget-text-editor .elementor-drop-cap-letter{display:inline-block}<\/style>\t\t\t\t<p>Je m'appelle Liliana Presada et je suis psychologue, psychoth\u00e9rapeute, conseill\u00e8re en d\u00e9veloppement personnel. Dipl\u00f4m\u00e9e en Psychologie, psychoth\u00e9rapeute int\u00e9grative, form\u00e9e \u00e0 l'Association Roumaine de Psychoth\u00e9rapie Int\u00e9grative, j'ai le droit d'exercer librement en Roumanie, en tant que membre du Coll\u00e8ge Roumain des Psychologues (Code des Psychologues : 20144) ainsi que dans l'Union Europ\u00e9enne, en tant que membre de l'Association europ\u00e9enne de psychoth\u00e9rapie int\u00e9grative, afin que les r\u00e9unions puissent se tenir aussi bien en roumain qu'en fran\u00e7ais ou en anglais.<\/p>\t\t\t\t\t\t<\/div>\n\t\t\t\t<\/div>\n\t\t\t\t\t<\/div>\n\t\t<\/div>\n\t\t\t\t<div class=\"elementor-column elementor-col-50 elementor-top-column elementor-element elementor-element-4f520c3f lakit-col-width-auto-no\" data-id=\"4f520c3f\" data-element_type=\"column\">\n\t\t\t<div class=\"elementor-widget-wrap elementor-element-populated\">\n\t\t\t\t\t\t\t\t<div class=\"elementor-element elementor-element-1c1ae3ad elementor-invisible lakit-has-entrance-animation elementor-widget elementor-widget-image\" data-id=\"1c1ae3ad\" data-element_type=\"widget\" data-settings=\"{&quot;_animation&quot;:&quot;bounceInDown&quot;}\" data-widget_type=\"image.default\">\n\t\t\t\t<div class=\"elementor-widget-container\">\n\t\t\t<style>\/*! elementor - v3.16.0 - 13-09-2023 *\/\n.elementor-widget-image{text-align:center}.elementor-widget-image a{display:inline-block}.elementor-widget-image a img[src$=\".svg\"]{width:48px}.elementor-widget-image img{vertical-align:middle;display:inline-block}<\/style>\t\t\t\t\t\t\t\t\t\t\t\t<img loading=\"lazy\" decoding=\"async\" width=\"1638\" height=\"1199\" src=\"https:\/\/psihologcentru.com\/wp-content\/uploads\/2022\/07\/Despre-mine-1.jpg\" class=\"attachment-full size-full wp-image-81\" alt=\"\" srcset=\"https:\/\/psihologcentru.com\/wp-content\/uploads\/2022\/07\/Despre-mine-1.jpg 1638w, https:\/\/psihologcentru.com\/wp-content\/uploads\/2022\/07\/Despre-mine-1-300x220.jpg 300w, https:\/\/psihologcentru.com\/wp-content\/uploads\/2022\/07\/Despre-mine-1-1024x750.jpg 1024w, https:\/\/psihologcentru.com\/wp-content\/uploads\/2022\/07\/Despre-mine-1-768x562.jpg 768w, https:\/\/psihologcentru.com\/wp-content\/uploads\/2022\/07\/Despre-mine-1-1536x1124.jpg 1536w\" sizes=\"auto, (max-width: 1638px) 100vw, 1638px\" \/>\t\t\t\t\t\t\t\t\t\t\t\t\t\t\t<\/div>\n\t\t\t\t<\/div>\n\t\t\t\t\t<\/div>\n\t\t<\/div>\n\t\t\t\t\t\t\t<\/div>\n\t\t<\/section>\n\t\t\t\t<section class=\"elementor-section elementor-top-section elementor-element elementor-element-7fda2296 elementor-section-boxed elementor-section-height-default elementor-section-height-default\" data-id=\"7fda2296\" data-element_type=\"section\" data-settings=\"{&quot;background_background&quot;:&quot;classic&quot;}\">\n\t\t\t\t\t\t\t<div class=\"elementor-background-overlay\"><\/div>\n\t\t\t\t\t\t\t<div class=\"elementor-container elementor-column-gap-default\">\n\t\t\t\t\t<div class=\"elementor-column elementor-col-100 elementor-top-column elementor-element elementor-element-76fb6408 lakit-col-width-auto-no\" data-id=\"76fb6408\" data-element_type=\"column\">\n\t\t\t<div class=\"elementor-widget-wrap\">\n\t\t\t\t\t\t\t\t\t<\/div>\n\t\t<\/div>\n\t\t\t\t\t\t\t<\/div>\n\t\t<\/section>\n\t\t\t\t<section class=\"elementor-section elementor-top-section elementor-element elementor-element-6e3c1d39 elementor-section-boxed elementor-section-height-default elementor-section-height-default\" data-id=\"6e3c1d39\" data-element_type=\"section\">\n\t\t\t\t\t\t<div class=\"elementor-container elementor-column-gap-default\">\n\t\t\t\t\t<div class=\"elementor-column elementor-col-100 elementor-top-column elementor-element elementor-element-10afb83d lakit-col-width-auto-no\" data-id=\"10afb83d\" data-element_type=\"column\">\n\t\t\t<div class=\"elementor-widget-wrap elementor-element-populated\">\n\t\t\t\t\t\t\t\t<section class=\"elementor-section elementor-inner-section elementor-element elementor-element-29f228b8 elementor-section-boxed elementor-section-height-default elementor-section-height-default\" data-id=\"29f228b8\" data-element_type=\"section\">\n\t\t\t\t\t\t<div class=\"elementor-container elementor-column-gap-default\">\n\t\t\t\t\t<div class=\"elementor-column elementor-col-50 elementor-inner-column elementor-element elementor-element-298efee8 lakit-col-width-auto-no\" data-id=\"298efee8\" data-element_type=\"column\">\n\t\t\t<div class=\"elementor-widget-wrap elementor-element-populated\">\n\t\t\t\t\t\t\t\t<div class=\"elementor-element elementor-element-74a9964a ekit-equal-height-disable elementor-widget elementor-widget-elementskit-icon-box\" data-id=\"74a9964a\" data-element_type=\"widget\" data-widget_type=\"elementskit-icon-box.default\">\n\t\t\t\t<div class=\"elementor-widget-container\">\n\t\t\t<div class=\"ekit-wid-con\" >        <!-- link opening -->\n                <!-- end link opening -->\n\n        <div class=\"elementskit-infobox text- text- icon-lef-right-aligin elementor-animation-\">\n                        <div class=\"box-body\">\n                        \t\t  <p>Au fil du temps j'ai essay\u00e9 de me comprendre, de trouver les r\u00e9ponses \u00e0 ce qui me troublait intens\u00e9ment, et j'ai cherch\u00e9 ces r\u00e9ponses, tour \u00e0 tour, dans la philosophie, l'astrologie, la radiesth\u00e9sie, la m\u00e9ditation. Et pourtant, m\u00eame si tout cela a r\u00e9ussi \u00e0 m'enrichir profond\u00e9ment, ils n'ont pas r\u00e9ussi \u00e0 me donner le sentiment que la vie ne me fait plus mal, le sentiment que je me suis trouv\u00e9e !\nJe savais que je voulais une belle connexion avec les autres, avec le monde et que je voulais avoir une contribution au bien dans le monde mais je ne savais pas comment y arriver.\nC'est la psychoth\u00e9rapie qui m'a guid\u00e9e doucement et fermement \u00e0 travers les blessures connues et inconnues de mon \u00e2me et m'a amen\u00e9e \u00e0 l'endroit o\u00f9 j'ai finalement fait la diff\u00e9rence entre mon Moi Authentique et mon Moi Adapt\u00e9, renfor\u00e7ant le premier, gu\u00e9rissant mes blessures connues mais surtout inconnues et me donnant l'opportunit\u00e9 de m'int\u00e9grer et de me connecter au monde \u00e0 partir d'un endroit gu\u00e9ri en moi, me menant ainsi \u00e0 la vie que je veux vivre pleinement !<\/p>\n                                <\/div>\n        \n        \n                <\/div>\n        <\/div>\t\t<\/div>\n\t\t\t\t<\/div>\n\t\t\t\t\t<\/div>\n\t\t<\/div>\n\t\t\t\t<div class=\"elementor-column elementor-col-50 elementor-inner-column elementor-element elementor-element-20670970 lakit-col-width-auto-no\" data-id=\"20670970\" data-element_type=\"column\">\n\t\t\t<div class=\"elementor-widget-wrap elementor-element-populated\">\n\t\t\t\t\t\t\t\t<div class=\"elementor-element elementor-element-6c5c56e6 ekit-equal-height-disable elementor-widget elementor-widget-elementskit-icon-box\" data-id=\"6c5c56e6\" data-element_type=\"widget\" data-widget_type=\"elementskit-icon-box.default\">\n\t\t\t\t<div class=\"elementor-widget-container\">\n\t\t\t<div class=\"ekit-wid-con\" >        <!-- link opening -->\n                <!-- end link opening -->\n\n        <div class=\"elementskit-infobox text- text- icon-lef-right-aligin elementor-animation-\">\n                        <div class=\"box-body\">\n                        \t\t  <p>Apr\u00e8s plus de 10 ans d'\u00e9tudes et de formations continues, aussi bien th\u00e9oriques que pratiques, c'est maintenant \u00e0 mon tour d'accompagner, de guider toute personne qui veut plus, ou autre chose de la vie, pour celle qui veut s'\u00e9panouir personnellement, trouver son \u00e9quilibre, pour \u00eatre plus confiant, d\u00e9couvrir sa vocation, profiter de bonnes relations en couple, avec sa famille, avec ses enfants, ses amis, ses coll\u00e8gues, ainsi que toute autre recherche que son \u00e2me exige, dans une atmosph\u00e8re de s\u00e9curit\u00e9 et d'intimit\u00e9 totale !<br><br><br><br><br><br><br><\/p>\n                                <\/div>\n        \n        \n                <\/div>\n        <\/div>\t\t<\/div>\n\t\t\t\t<\/div>\n\t\t\t\t\t<\/div>\n\t\t<\/div>\n\t\t\t\t\t\t\t<\/div>\n\t\t<\/section>\n\t\t\t\t\t<\/div>\n\t\t<\/div>\n\t\t\t\t\t\t\t<\/div>\n\t\t<\/section>\n\t\t\t\t<section class=\"elementor-section elementor-top-section elementor-element elementor-element-8ab895d elementor-section-boxed elementor-section-height-default elementor-section-height-default\" data-id=\"8ab895d\" data-element_type=\"section\">\n\t\t\t\t\t\t<div class=\"elementor-container elementor-column-gap-default\">\n\t\t\t\t\t<div class=\"elementor-column elementor-col-100 elementor-top-column elementor-element elementor-element-c66716f lakit-col-width-auto-no\" data-id=\"c66716f\" data-element_type=\"column\">\n\t\t\t<div class=\"elementor-widget-wrap elementor-element-populated\">\n\t\t\t\t\t\t\t\t<div class=\"elementor-element elementor-element-b8c23ff elementor-widget elementor-widget-heading\" data-id=\"b8c23ff\" data-element_type=\"widget\" data-widget_type=\"heading.default\">\n\t\t\t\t<div class=\"elementor-widget-container\">\n\t\t\t<h2 class=\"elementor-heading-title elementor-size-default\">Sp\u00e9cialisations, cours, conf\u00e9rences, camps r\u00e9sidentiels <\/h2>\t\t<\/div>\n\t\t\t\t<\/div>\n\t\t\t\t\t<\/div>\n\t\t<\/div>\n\t\t\t\t\t\t\t<\/div>\n\t\t<\/section>\n\t\t\t\t<section class=\"elementor-section elementor-top-section elementor-element elementor-element-6e14f1b5 elementor-section-boxed elementor-section-height-default elementor-section-height-default\" data-id=\"6e14f1b5\" data-element_type=\"section\">\n\t\t\t\t\t\t<div class=\"elementor-container elementor-column-gap-default\">\n\t\t\t\t\t<div class=\"elementor-column elementor-col-50 elementor-top-column elementor-element elementor-element-38aa4525 lakit-col-width-auto-no elementor-invisible lakit-has-entrance-animation\" data-id=\"38aa4525\" data-element_type=\"column\" data-settings=\"{&quot;animation&quot;:&quot;fadeInLeft&quot;}\">\n\t\t\t<div class=\"elementor-widget-wrap elementor-element-populated\">\n\t\t\t\t\t\t\t\t<div class=\"elementor-element elementor-element-386f0460 elementor-widget elementor-widget-image\" data-id=\"386f0460\" data-element_type=\"widget\" data-widget_type=\"image.default\">\n\t\t\t\t<div class=\"elementor-widget-container\">\n\t\t\t\t\t\t\t\t\t\t\t\t\t\t\t<img loading=\"lazy\" decoding=\"async\" width=\"1333\" height=\"2000\" src=\"https:\/\/psihologcentru.com\/wp-content\/uploads\/2022\/08\/rear-view-of-woman-studying-in-library.jpg\" class=\"attachment-full size-full wp-image-238\" alt=\"Rear view of woman studying in library\" srcset=\"https:\/\/psihologcentru.com\/wp-content\/uploads\/2022\/08\/rear-view-of-woman-studying-in-library.jpg 1333w, https:\/\/psihologcentru.com\/wp-content\/uploads\/2022\/08\/rear-view-of-woman-studying-in-library-200x300.jpg 200w, https:\/\/psihologcentru.com\/wp-content\/uploads\/2022\/08\/rear-view-of-woman-studying-in-library-682x1024.jpg 682w, https:\/\/psihologcentru.com\/wp-content\/uploads\/2022\/08\/rear-view-of-woman-studying-in-library-768x1152.jpg 768w, https:\/\/psihologcentru.com\/wp-content\/uploads\/2022\/08\/rear-view-of-woman-studying-in-library-1024x1536.jpg 1024w, https:\/\/psihologcentru.com\/wp-content\/uploads\/2022\/08\/rear-view-of-woman-studying-in-library-8x12.jpg 8w\" sizes=\"auto, (max-width: 1333px) 100vw, 1333px\" \/>\t\t\t\t\t\t\t\t\t\t\t\t\t\t\t<\/div>\n\t\t\t\t<\/div>\n\t\t\t\t\t<\/div>\n\t\t<\/div>\n\t\t\t\t<div class=\"elementor-column elementor-col-50 elementor-top-column elementor-element elementor-element-715910d2 lakit-col-width-auto-no elementor-invisible lakit-has-entrance-animation\" data-id=\"715910d2\" data-element_type=\"column\" data-settings=\"{&quot;animation&quot;:&quot;fadeInRight&quot;}\">\n\t\t\t<div class=\"elementor-widget-wrap elementor-element-populated\">\n\t\t\t\t\t\t\t\t<div class=\"elementor-element elementor-element-27dcb869 elementor-widget elementor-widget-text-editor\" data-id=\"27dcb869\" data-element_type=\"widget\" data-widget_type=\"text-editor.default\">\n\t\t\t\t<div class=\"elementor-widget-container\">\n\t\t\t\t\t\t\t<ul><li>Dipl\u00f4m\u00e9e en psychologie<\/li><li>Psychoth\u00e9rapeute int\u00e9gratif niveau autonome<\/li><li>Conseiller en d\u00e9veloppement personnel<\/li><li>Formation de Master au sein de l'Association Roumaine de Psychoth\u00e9rapie Int\u00e9grative<\/li><li>Droit \u00e0 la libre pratique en Roumanie, en tant que membre du Coll\u00e8ge Roumain des Psychologues, code psychologue 20144<\/li><li>Droit \u00e0 la libre pratique dans l'Union europ\u00e9enne, en tant que membre de l'Association europ\u00e9enne de psychoth\u00e9rapie int\u00e9grative<\/li><li>Membre de la F\u00e9d\u00e9ration Roumaine de Psychoth\u00e9rapie.<\/li><li>Dipl\u00f4me de sp\u00e9cialisation en traumatologie (2015), Dr Albert Zandvoort<\/li><li>Dipl\u00f4me de Formation Continue : Th\u00e9rapie Sexuelle. Mod\u00e8le d'\u00e9valuation clinique et interventions scientifiquement valid\u00e9es (2019)<\/li><li>Dipl\u00f4me de Formation Continue : Gestion de la Col\u00e8re, par l'interm\u00e9diaire de l'Association Catharsis (2019)<\/li><li>Dipl\u00f4me de formation continue : Fondements th\u00e9oriques et m\u00e9thodologiques pour aborder la sexualit\u00e9 et les probl\u00e8mes sexuels en psychoth\u00e9rapie, \u00e0 travers l'Association roumaine d'hypnose clinique, de relaxation et de th\u00e9rapie ericksonienne (2020)<\/li><li>Certificat de participation : Techniques d'intervention psychologique primaire en cas d'abus et de divorce, par l'interm\u00e9diaire de l'Association des psychologues sp\u00e9cialistes (2018)<\/li><li>Certificat de participation au Colloque National \"Stress, Anxi\u00e9t\u00e9, D\u00e9pression (S.A.D) et leurs complications\", 4\u00e8me Edition, (2017)<\/li><li>Certificat de participation \u00e0 la Conf\u00e9rence nationale \"La psychologie du sport, une n\u00e9cessit\u00e9 dans le sport roumain\" par l'Association pour le d\u00e9veloppement de la psychologie - Smart Psi, premi\u00e8re \u00e9dition, (2017)<\/li><li>Certificate of Attendance for participating to the residential workshop in Normandy, France: The model in practice (2016), M.A.Joanna Hewit Evans<\/li><li>Camp R\u00e9sidentiel Certifi\u00e9 en Psychoth\u00e9rapie Int\u00e9grative : Th\u00e9rapie de couple \u2013 approche psychosomatique, docteur Gina Chiriac (2015)<\/li><li>Certificat de participation Atelier de psychologie adl\u00e9rienne : Conceptualiser les formes les plus courantes en psychopathologie : une perspective adl\u00e9rienne, Ph.D. Paul Rasmussen(2015)<\/li><li>Camp R\u00e9sidentiel Certifi\u00e9 en Psychoth\u00e9rapie Int\u00e9grative : Proc\u00e9dures d'intervention en th\u00e9rapie relationnelle de couple, docteur Gina Chiriac (2014)<\/li><li>J'ai particip\u00e9 aux camps r\u00e9sidentiels de l'Institut Monroe : Gateway, Guideline, Lifeline, Exploration 27, Starline 1 ainsi qu'aux ateliers Excursion et Syncreation durant l'ann\u00e9e 2018-2019.<\/li><\/ul>\t\t\t\t\t\t<\/div>\n\t\t\t\t<\/div>\n\t\t\t\t\t<\/div>\n\t\t<\/div>\n\t\t\t\t\t\t\t<\/div>\n\t\t<\/section>\n\t\t\t\t\t\t\t<\/div>","protected":false},"excerpt":{"rendered":"<p>Liliana Presada Cine sunt? M\u0103 numesc Liliana Presad\u0103 \u0219i sunt psiholog, psihoterapeut, consilier dezvoltare personal\u0103. Licen\u021biat\u0103 \u00een Psihologie, psihoterapeut integrativ, format la Asocia\u021bia Rom\u00e2n\u0103 de Psihoterapie Integrativ\u0103, am drept de liber\u0103 practic\u0103 \u00een Rom\u00e2nia, ca membru al Colegiului Psihologilor din Rom\u00e2nia( Cod psiholog: 20144) precum \u0219i \u00een Uniunea European\u0103, ca membru al European Association for [&hellip;]<\/p>","protected":false},"author":1,"featured_media":0,"parent":0,"menu_order":0,"comment_status":"closed","ping_status":"closed","template":"","meta":{"footnotes":""},"class_list":["post-31","page","type-page","status-publish","hentry","entry"],"_links":{"self":[{"href":"https:\/\/psihologcentru.com\/fr\/wp-json\/wp\/v2\/pages\/31","targetHints":{"allow":["GET"]}}],"collection":[{"href":"https:\/\/psihologcentru.com\/fr\/wp-json\/wp\/v2\/pages"}],"about":[{"href":"https:\/\/psihologcentru.com\/fr\/wp-json\/wp\/v2\/types\/page"}],"author":[{"embeddable":true,"href":"https:\/\/psihologcentru.com\/fr\/wp-json\/wp\/v2\/users\/1"}],"replies":[{"embeddable":true,"href":"https:\/\/psihologcentru.com\/fr\/wp-json\/wp\/v2\/comments?post=31"}],"version-history":[{"count":11,"href":"https:\/\/psihologcentru.com\/fr\/wp-json\/wp\/v2\/pages\/31\/revisions"}],"predecessor-version":[{"id":241,"href":"https:\/\/psihologcentru.com\/fr\/wp-json\/wp\/v2\/pages\/31\/revisions\/241"}],"wp:attachment":[{"href":"https:\/\/psihologcentru.com\/fr\/wp-json\/wp\/v2\/media?parent=31"}],"curies":[{"name":"wp","href":"https:\/\/api.w.org\/{rel}","templated":true}]}}