{"id":38,"date":"2022-07-22T09:54:09","date_gmt":"2022-07-22T09:54:09","guid":{"rendered":"https:\/\/psihologcentru.com\/?page_id=38"},"modified":"2022-10-03T12:19:33","modified_gmt":"2022-10-03T12:19:33","slug":"articole","status":"publish","type":"page","link":"https:\/\/psihologcentru.com\/fr\/articole\/","title":{"rendered":"Articles"},"content":{"rendered":"<div data-elementor-type=\"wp-page\" data-elementor-id=\"38\" class=\"elementor elementor-38\" data-elementor-post-type=\"page\">\n\t\t\t\t\t\t\t\t\t<section class=\"elementor-section elementor-top-section elementor-element elementor-element-407e81d9 elementor-section-boxed elementor-section-height-default elementor-section-height-default\" data-id=\"407e81d9\" data-element_type=\"section\">\n\t\t\t\t\t\t\t<div class=\"elementor-background-overlay\"><\/div>\n\t\t\t\t\t\t\t<div class=\"elementor-container elementor-column-gap-default\">\n\t\t\t\t\t<div class=\"elementor-column elementor-col-100 elementor-top-column elementor-element elementor-element-69b46679 lakit-col-width-auto-no\" data-id=\"69b46679\" data-element_type=\"column\">\n\t\t\t<div class=\"elementor-widget-wrap elementor-element-populated\">\n\t\t\t\t\t\t\t\t<div class=\"elementor-element elementor-element-7721551d elementor-invisible lakit-has-entrance-animation elementor-widget elementor-widget-heading\" data-id=\"7721551d\" data-element_type=\"widget\" data-settings=\"{&quot;_animation&quot;:&quot;fadeInUp&quot;}\" data-widget_type=\"heading.default\">\n\t\t\t\t<div class=\"elementor-widget-container\">\n\t\t\t<style>\/*! elementor - v3.16.0 - 13-09-2023 *\/\n.elementor-heading-title{padding:0;margin:0;line-height:1}.elementor-widget-heading .elementor-heading-title[class*=elementor-size-]>a{color:inherit;font-size:inherit;line-height:inherit}.elementor-widget-heading .elementor-heading-title.elementor-size-small{font-size:15px}.elementor-widget-heading .elementor-heading-title.elementor-size-medium{font-size:19px}.elementor-widget-heading .elementor-heading-title.elementor-size-large{font-size:29px}.elementor-widget-heading .elementor-heading-title.elementor-size-xl{font-size:39px}.elementor-widget-heading .elementor-heading-title.elementor-size-xxl{font-size:59px}<\/style><h1 class=\"elementor-heading-title elementor-size-default\">Articles<\/h1>\t\t<\/div>\n\t\t\t\t<\/div>\n\t\t\t\t\t<\/div>\n\t\t<\/div>\n\t\t\t\t\t\t\t<\/div>\n\t\t<\/section>\n\t\t\t\t<section class=\"elementor-section elementor-top-section elementor-element elementor-element-6e32e02a elementor-section-boxed elementor-section-height-default elementor-section-height-default elementor-invisible lakit-has-entrance-animation\" data-id=\"6e32e02a\" data-element_type=\"section\" data-settings=\"{&quot;animation&quot;:&quot;fadeIn&quot;}\">\n\t\t\t\t\t\t<div class=\"elementor-container elementor-column-gap-default\">\n\t\t\t\t\t<div class=\"elementor-column elementor-col-100 elementor-top-column elementor-element elementor-element-4b73ea49 lakit-col-width-auto-no\" data-id=\"4b73ea49\" data-element_type=\"column\">\n\t\t\t<div class=\"elementor-widget-wrap elementor-element-populated\">\n\t\t\t\t\t\t\t\t<div class=\"elementor-element elementor-element-053386f elementor-grid-3 elementor-grid-tablet-2 elementor-grid-mobile-1 elementor-posts--thumbnail-top elementor-posts--show-avatar elementor-card-shadow-yes elementor-posts__hover-gradient elementor-widget elementor-widget-posts\" data-id=\"053386f\" data-element_type=\"widget\" data-settings=\"{&quot;pagination_type&quot;:&quot;numbers&quot;,&quot;cards_columns&quot;:&quot;3&quot;,&quot;cards_columns_tablet&quot;:&quot;2&quot;,&quot;cards_columns_mobile&quot;:&quot;1&quot;,&quot;cards_row_gap&quot;:{&quot;unit&quot;:&quot;px&quot;,&quot;size&quot;:35,&quot;sizes&quot;:[]},&quot;cards_row_gap_tablet&quot;:{&quot;unit&quot;:&quot;px&quot;,&quot;size&quot;:&quot;&quot;,&quot;sizes&quot;:[]},&quot;cards_row_gap_mobile&quot;:{&quot;unit&quot;:&quot;px&quot;,&quot;size&quot;:&quot;&quot;,&quot;sizes&quot;:[]}}\" data-widget_type=\"posts.cards\">\n\t\t\t\t<div class=\"elementor-widget-container\">\n\t\t\t<link rel=\"stylesheet\" href=\"https:\/\/psihologcentru.com\/wp-content\/plugins\/elementor-pro\/assets\/css\/widget-posts.min.css\">\t\t<div class=\"elementor-posts-container elementor-posts elementor-posts--skin-cards elementor-grid\">\n\t\t\t\t<article class=\"elementor-post elementor-grid-item post-168 post type-post status-publish format-standard has-post-thumbnail hentry category-psihoterapie entry has-media\">\n\t\t\t<div class=\"elementor-post__card\">\n\t\t\t\t<a class=\"elementor-post__thumbnail__link\" href=\"https:\/\/psihologcentru.com\/fr\/2022\/07\/22\/cand-iti-intelegi-istoria-personala-te-eliberezi\/\" ><div class=\"elementor-post__thumbnail\"><img loading=\"lazy\" decoding=\"async\" width=\"1412\" height=\"1109\" src=\"https:\/\/psihologcentru.com\/wp-content\/uploads\/2022\/07\/Terapie-de-cuplu-1.jpg\" class=\"attachment-full size-full wp-image-181\" alt=\"\" srcset=\"https:\/\/psihologcentru.com\/wp-content\/uploads\/2022\/07\/Terapie-de-cuplu-1.jpg 1412w, https:\/\/psihologcentru.com\/wp-content\/uploads\/2022\/07\/Terapie-de-cuplu-1-300x236.jpg 300w, https:\/\/psihologcentru.com\/wp-content\/uploads\/2022\/07\/Terapie-de-cuplu-1-1024x804.jpg 1024w, https:\/\/psihologcentru.com\/wp-content\/uploads\/2022\/07\/Terapie-de-cuplu-1-768x603.jpg 768w\" sizes=\"auto, (max-width: 1412px) 100vw, 1412px\" \/><\/div><\/a>\n\t\t\t\t<div class=\"elementor-post__badge\">Psychoth\u00e9rapie<\/div>\n\t\t\t\t<div class=\"elementor-post__avatar\">\n\t\t\t<img alt='admin' src='https:\/\/secure.gravatar.com\/avatar\/d24ece8968b9d2f75a85dcb88e3bfbac312f6b12d87e40656291b315dc8c129d?s=128&#038;d=mm&#038;r=g' srcset='https:\/\/secure.gravatar.com\/avatar\/d24ece8968b9d2f75a85dcb88e3bfbac312f6b12d87e40656291b315dc8c129d?s=256&#038;d=mm&#038;r=g 2x' class='avatar avatar-128 photo' height='128' width='128' \/>\t\t<\/div>\n\t\t\t\t<div class=\"elementor-post__text\">\n\t\t\t\t<h3 class=\"elementor-post__title\">\n\t\t\t<a href=\"https:\/\/psihologcentru.com\/fr\/2022\/07\/22\/cand-iti-intelegi-istoria-personala-te-eliberezi\/\" >\n\t\t\t\tQuand tu comprends ton histoire personnelle, tu te lib\u00e8res !\t\t\t<\/a>\n\t\t<\/h3>\n\t\t\t\t<div class=\"elementor-post__excerpt\">\n\t\t\t<p>Alors vous vous rendez compte que tout n'est pas de votre faute, que ce n'est pas quelque chose que vous auriez pu changer \u00e0 un moment donn\u00e9...<\/p>\n\t\t<\/div>\n\t\t\n\t\t<a class=\"elementor-post__read-more\" href=\"https:\/\/psihologcentru.com\/fr\/2022\/07\/22\/cand-iti-intelegi-istoria-personala-te-eliberezi\/\" aria-label=\"Read more about C\u00e2nd \u00ee\u021bi \u00een\u021belegi istoria personal\u0103, te eliberezi!\" >\n\t\t\tLire la suite \u00bb\t\t<\/a>\n\n\t\t\t\t<\/div>\n\t\t\t\t<div class=\"elementor-post__meta-data\">\n\t\t\t\t\t<span class=\"elementor-post-date\">\n\t\t\tjuillet 22, 2022\t\t<\/span>\n\t\t\t\t<\/div>\n\t\t\t\t\t<\/div>\n\t\t<\/article>\n\t\t\t\t<article class=\"elementor-post elementor-grid-item post-157 post type-post status-publish format-standard has-post-thumbnail hentry category-psihoterapie entry has-media\">\n\t\t\t<div class=\"elementor-post__card\">\n\t\t\t\t<a class=\"elementor-post__thumbnail__link\" href=\"https:\/\/psihologcentru.com\/fr\/2022\/07\/22\/limitele-in-cuplu\/\" ><div class=\"elementor-post__thumbnail\"><img loading=\"lazy\" decoding=\"async\" width=\"2048\" height=\"1365\" src=\"https:\/\/psihologcentru.com\/wp-content\/uploads\/2022\/07\/Servicii-online-1.jpg\" class=\"attachment-full size-full wp-image-179\" alt=\"\" srcset=\"https:\/\/psihologcentru.com\/wp-content\/uploads\/2022\/07\/Servicii-online-1.jpg 2048w, https:\/\/psihologcentru.com\/wp-content\/uploads\/2022\/07\/Servicii-online-1-300x200.jpg 300w, https:\/\/psihologcentru.com\/wp-content\/uploads\/2022\/07\/Servicii-online-1-1024x683.jpg 1024w, https:\/\/psihologcentru.com\/wp-content\/uploads\/2022\/07\/Servicii-online-1-768x512.jpg 768w, https:\/\/psihologcentru.com\/wp-content\/uploads\/2022\/07\/Servicii-online-1-1536x1024.jpg 1536w\" sizes=\"auto, (max-width: 2048px) 100vw, 2048px\" \/><\/div><\/a>\n\t\t\t\t<div class=\"elementor-post__badge\">Psychoth\u00e9rapie<\/div>\n\t\t\t\t<div class=\"elementor-post__avatar\">\n\t\t\t<img alt='admin' src='https:\/\/secure.gravatar.com\/avatar\/d24ece8968b9d2f75a85dcb88e3bfbac312f6b12d87e40656291b315dc8c129d?s=128&#038;d=mm&#038;r=g' srcset='https:\/\/secure.gravatar.com\/avatar\/d24ece8968b9d2f75a85dcb88e3bfbac312f6b12d87e40656291b315dc8c129d?s=256&#038;d=mm&#038;r=g 2x' class='avatar avatar-128 photo' height='128' width='128' \/>\t\t<\/div>\n\t\t\t\t<div class=\"elementor-post__text\">\n\t\t\t\t<h3 class=\"elementor-post__title\">\n\t\t\t<a href=\"https:\/\/psihologcentru.com\/fr\/2022\/07\/22\/limitele-in-cuplu\/\" >\n\t\t\t\tLimites en couple\t\t\t<\/a>\n\t\t<\/h3>\n\t\t\t\t<div class=\"elementor-post__excerpt\">\n\t\t\t<p>\u201cDac\u0103 e\u0219ti frustrat c\u0103 nu reu\u0219e\u0219ti s\u0103 faci sau s\u0103 duci la \u00eendeplinire anumite obiective sau dorin\u021be, dac\u0103 nu reu\u0219e\u0219ti s\u0103 ie\u0219i din rela\u021bii abuzive<\/p>\n\t\t<\/div>\n\t\t\n\t\t<a class=\"elementor-post__read-more\" href=\"https:\/\/psihologcentru.com\/fr\/2022\/07\/22\/limitele-in-cuplu\/\" aria-label=\"Read more about Limitele in cuplu\" >\n\t\t\tLire la suite \u00bb\t\t<\/a>\n\n\t\t\t\t<\/div>\n\t\t\t\t<div class=\"elementor-post__meta-data\">\n\t\t\t\t\t<span class=\"elementor-post-date\">\n\t\t\tjuillet 22, 2022\t\t<\/span>\n\t\t\t\t<\/div>\n\t\t\t\t\t<\/div>\n\t\t<\/article>\n\t\t\t\t<article class=\"elementor-post elementor-grid-item post-1 post type-post status-publish format-standard has-post-thumbnail hentry category-psihoterapie entry has-media\">\n\t\t\t<div class=\"elementor-post__card\">\n\t\t\t\t<a class=\"elementor-post__thumbnail__link\" href=\"https:\/\/psihologcentru.com\/fr\/2022\/07\/22\/hello-world\/\" ><div class=\"elementor-post__thumbnail\"><img loading=\"lazy\" decoding=\"async\" width=\"1638\" height=\"1199\" src=\"https:\/\/psihologcentru.com\/wp-content\/uploads\/2022\/07\/Despre-mine-1.jpg\" class=\"attachment-full size-full wp-image-81\" alt=\"\" srcset=\"https:\/\/psihologcentru.com\/wp-content\/uploads\/2022\/07\/Despre-mine-1.jpg 1638w, https:\/\/psihologcentru.com\/wp-content\/uploads\/2022\/07\/Despre-mine-1-300x220.jpg 300w, https:\/\/psihologcentru.com\/wp-content\/uploads\/2022\/07\/Despre-mine-1-1024x750.jpg 1024w, https:\/\/psihologcentru.com\/wp-content\/uploads\/2022\/07\/Despre-mine-1-768x562.jpg 768w, https:\/\/psihologcentru.com\/wp-content\/uploads\/2022\/07\/Despre-mine-1-1536x1124.jpg 1536w\" sizes=\"auto, (max-width: 1638px) 100vw, 1638px\" \/><\/div><\/a>\n\t\t\t\t<div class=\"elementor-post__badge\">Psychoth\u00e9rapie<\/div>\n\t\t\t\t<div class=\"elementor-post__avatar\">\n\t\t\t<img alt='admin' src='https:\/\/secure.gravatar.com\/avatar\/d24ece8968b9d2f75a85dcb88e3bfbac312f6b12d87e40656291b315dc8c129d?s=128&#038;d=mm&#038;r=g' srcset='https:\/\/secure.gravatar.com\/avatar\/d24ece8968b9d2f75a85dcb88e3bfbac312f6b12d87e40656291b315dc8c129d?s=256&#038;d=mm&#038;r=g 2x' class='avatar avatar-128 photo' height='128' width='128' \/>\t\t<\/div>\n\t\t\t\t<div class=\"elementor-post__text\">\n\t\t\t\t<h3 class=\"elementor-post__title\">\n\t\t\t<a href=\"https:\/\/psihologcentru.com\/fr\/2022\/07\/22\/hello-world\/\" >\n\t\t\t\t\u201dCopilul interior r\u0103nit sau cine ne conduce din umbr\u0103\u201d\t\t\t<\/a>\n\t\t<\/h3>\n\t\t\t\t<div class=\"elementor-post__excerpt\">\n\t\t\t<p>\u201dCopilul interior r\u0103nit sau cine ne conduce din umbr\u0103\u201d de psihoterapeut Liliana Presada Mintea omului are capacitatea de a inventa maniere care s\u0103 \u00eel protejeze<\/p>\n\t\t<\/div>\n\t\t\n\t\t<a class=\"elementor-post__read-more\" href=\"https:\/\/psihologcentru.com\/fr\/2022\/07\/22\/hello-world\/\" aria-label=\"Read more about \u201dCopilul interior r\u0103nit sau cine ne conduce din umbr\u0103\u201d\" >\n\t\t\tLire la suite \u00bb\t\t<\/a>\n\n\t\t\t\t<\/div>\n\t\t\t\t<div class=\"elementor-post__meta-data\">\n\t\t\t\t\t<span class=\"elementor-post-date\">\n\t\t\tjuillet 22, 2022\t\t<\/span>\n\t\t\t\t<\/div>\n\t\t\t\t\t<\/div>\n\t\t<\/article>\n\t\t\t\t<\/div>\n\t\t\n\t\t\t\t<\/div>\n\t\t\t\t<\/div>\n\t\t\t\t\t<\/div>\n\t\t<\/div>\n\t\t\t\t\t\t\t<\/div>\n\t\t<\/section>\n\t\t\t\t\t\t\t<\/div>","protected":false},"excerpt":{"rendered":"<p>Articles<\/p>","protected":false},"author":1,"featured_media":0,"parent":0,"menu_order":0,"comment_status":"closed","ping_status":"closed","template":"","meta":{"footnotes":""},"class_list":["post-38","page","type-page","status-publish","hentry","entry","has-media"],"_links":{"self":[{"href":"https:\/\/psihologcentru.com\/fr\/wp-json\/wp\/v2\/pages\/38","targetHints":{"allow":["GET"]}}],"collection":[{"href":"https:\/\/psihologcentru.com\/fr\/wp-json\/wp\/v2\/pages"}],"about":[{"href":"https:\/\/psihologcentru.com\/fr\/wp-json\/wp\/v2\/types\/page"}],"author":[{"embeddable":true,"href":"https:\/\/psihologcentru.com\/fr\/wp-json\/wp\/v2\/users\/1"}],"replies":[{"embeddable":true,"href":"https:\/\/psihologcentru.com\/fr\/wp-json\/wp\/v2\/comments?post=38"}],"version-history":[{"count":7,"href":"https:\/\/psihologcentru.com\/fr\/wp-json\/wp\/v2\/pages\/38\/revisions"}],"predecessor-version":[{"id":265,"href":"https:\/\/psihologcentru.com\/fr\/wp-json\/wp\/v2\/pages\/38\/revisions\/265"}],"wp:attachment":[{"href":"https:\/\/psihologcentru.com\/fr\/wp-json\/wp\/v2\/media?parent=38"}],"curies":[{"name":"wp","href":"https:\/\/api.w.org\/{rel}","templated":true}]}}